{"id":2068,"date":"2024-11-09T00:52:00","date_gmt":"2024-11-09T00:52:00","guid":{"rendered":"https:\/\/maestro-nut.com\/?page_id=2068"},"modified":"2024-11-09T00:59:15","modified_gmt":"2024-11-09T00:59:15","slug":"news","status":"publish","type":"page","link":"https:\/\/maestro-nut.com\/en\/news\/","title":{"rendered":"News"},"content":{"rendered":"<div data-elementor-type=\"wp-post\" data-elementor-id=\"2068\" class=\"elementor elementor-2068\">\n\t\t\t\t<div class=\"elementor-element elementor-element-b200fad e-flex e-con-boxed e-con e-parent\" data-id=\"b200fad\" data-element_type=\"container\" data-settings=\"{&quot;background_background&quot;:&quot;classic&quot;}\">\n\t\t\t\t\t<div class=\"e-con-inner\">\n\t\t<div class=\"elementor-element elementor-element-e180f70 e-con-full e-flex e-con e-child\" data-id=\"e180f70\" data-element_type=\"container\">\n\t\t\t\t<div class=\"elementor-element elementor-element-a80dd7f elementor-widget elementor-widget-heading\" data-id=\"a80dd7f\" data-element_type=\"widget\" data-widget_type=\"heading.default\">\n\t\t\t\t<div class=\"elementor-widget-container\">\n\t\t\t\t\t<h1 class=\"elementor-heading-title elementor-size-default\">News<\/h1>\t\t\t\t<\/div>\n\t\t\t\t<\/div>\n\t\t\t\t<\/div>\n\t\t\t\t\t<\/div>\n\t\t\t\t<\/div>\n\t\t<div class=\"elementor-element elementor-element-ea81b34 e-flex e-con-boxed e-con e-parent\" data-id=\"ea81b34\" data-element_type=\"container\">\n\t\t\t\t\t<div class=\"e-con-inner\">\n\t\t\t\t<div class=\"elementor-element elementor-element-eadecd1 premium-blog-align-left elementor-widget elementor-widget-premium-addon-blog\" data-id=\"eadecd1\" data-element_type=\"widget\" data-settings=\"{&quot;force_height&quot;:&quot;true&quot;,&quot;premium_blog_columns_number&quot;:&quot;33.33%&quot;,&quot;premium_blog_grid&quot;:&quot;yes&quot;,&quot;premium_blog_layout&quot;:&quot;even&quot;,&quot;premium_blog_columns_number_tablet&quot;:&quot;50%&quot;,&quot;premium_blog_columns_number_mobile&quot;:&quot;100%&quot;}\" data-widget_type=\"premium-addon-blog.default\">\n\t\t\t\t<div class=\"elementor-widget-container\">\n\t\t\t\t\t\n\t\t\t\t<div class=\"premium-blog-wrap  premium-blog-even\" data-page=\"2068\">\n\t\t\t\t\t<div class=\"premium-blog-post-outer-container\" data-total=\"1\">\r\n\t\t\t<div class=\"premium-blog-post-container premium-blog-skin-classic\">\r\n\t\t\t\t\t\t\t\t\t<div class=\"premium-blog-thumb-effect-wrapper\">\r\n\t\t\t\t\t\t<div class=\"premium-blog-thumbnail-container premium-blog-zoomin-effect\">\r\n\t\t\t\t\t\t\t<img fetchpriority=\"high\" decoding=\"async\" width=\"370\" height=\"300\" src=\"https:\/\/maestro-nut.com\/wp-content\/uploads\/2025\/09\/but-22.jpg\" class=\"attachment-large size-large wp-image-2159\" alt=\"\" srcset=\"https:\/\/maestro-nut.com\/wp-content\/uploads\/2025\/09\/but-22.jpg 370w, https:\/\/maestro-nut.com\/wp-content\/uploads\/2025\/09\/but-22-300x243.jpg 300w, https:\/\/maestro-nut.com\/wp-content\/uploads\/2025\/09\/but-22-15x12.jpg 15w\" sizes=\"(max-width: 370px) 100vw, 370px\" \/>\t\t\t\t\t\t<\/div>\r\n\t\t\t\t\t\t\t\t\t\t\t\t\t<div class=\"premium-blog-thumbnail-overlay\">\r\n\t\t\t\t\t\t\t\t<a class=\"elementor-icon\" href=\"https:\/\/maestro-nut.com\/en\/visit-us-at-anuga-2025-no-1-for-the-food-beverage-business-4-08-october\/\" target=\"_blank\" aria-hidden=\"true\"><span>Visit Us at ANUGA 2025 no. 1 for the Food &#038; Beverage Business 4-08 October<\/span><\/a>\r\n\t\t\t\t\t\t\t<\/div>\r\n\r\n\t\t\t\t\t\t\t\t\t\t\t\t\t\t\t\t\t\t<\/div>\r\n\t\t\t\t\t\t\t\t\t\t\t\t<div class=\"premium-blog-content-wrapper\">\r\n\r\n\t\t\t\t\t<div class=\"premium-blog-inner-container\">\r\n\r\n\t\t\t\t\t\t\t\t\t\t\t\t\t\t<h2 class=\"premium-blog-entry-title\">\r\n\t\t\t<a href=\"https:\/\/maestro-nut.com\/en\/visit-us-at-anuga-2025-no-1-for-the-food-beverage-business-4-08-october\/\" target=\"_blank\">\r\n\t\t\t\tVisit Us at ANUGA 2025 no. 1 for the Food &#038; Beverage Business 4-08 October\t\t\t<\/a>\r\n\t\t<\/h2>\r\n\t\t\t\t<div class=\"premium-blog-entry-meta\">\r\n\t\t\t\r\n\t\t\t\r\n\t\t\t\r\n\t\t\t\t\t<\/div>\r\n\t\t\r\n\t\t\t\t\t<\/div>\r\n\r\n\t\t\t\t\t\t\t<div class=\"premium-blog-content-inner-wrapper\">\r\n\t\t<p class=\"premium-blog-post-content\">We are excited to invite you to visit our booth at ANUGA 2025, the world\u2019s leading Trade Fair for Food and Beverages.Come and explore our latest innovations and connect with \u2026<\/p>\t\t<\/div>\r\n\t\t\t\t\t\t\t\r\n\t\t\t\t<\/div>\r\n\t\t\t<\/div>\r\n\t\t<\/div>\r\n\r\n\t\t\t\t<div class=\"premium-blog-post-outer-container\" data-total=\"1\">\r\n\t\t\t<div class=\"premium-blog-post-container premium-blog-skin-classic\">\r\n\t\t\t\t\t\t\t\t\t<div class=\"premium-blog-thumb-effect-wrapper\">\r\n\t\t\t\t\t\t<div class=\"premium-blog-thumbnail-container premium-blog-zoomin-effect\">\r\n\t\t\t\t\t\t\t<img decoding=\"async\" width=\"1024\" height=\"683\" src=\"https:\/\/maestro-nut.com\/wp-content\/uploads\/2024\/10\/branches-nutritious-background-intact-fruit_1142-732-1024x683.jpg\" class=\"attachment-large size-large wp-image-1774\" alt=\"\" srcset=\"https:\/\/maestro-nut.com\/wp-content\/uploads\/2024\/10\/branches-nutritious-background-intact-fruit_1142-732-1024x683.jpg 1024w, https:\/\/maestro-nut.com\/wp-content\/uploads\/2024\/10\/branches-nutritious-background-intact-fruit_1142-732-300x200.jpg 300w, https:\/\/maestro-nut.com\/wp-content\/uploads\/2024\/10\/branches-nutritious-background-intact-fruit_1142-732-768x512.jpg 768w, https:\/\/maestro-nut.com\/wp-content\/uploads\/2024\/10\/branches-nutritious-background-intact-fruit_1142-732.jpg 1380w\" sizes=\"(max-width: 1024px) 100vw, 1024px\" \/>\t\t\t\t\t\t<\/div>\r\n\t\t\t\t\t\t\t\t\t\t\t\t\t<div class=\"premium-blog-thumbnail-overlay\">\r\n\t\t\t\t\t\t\t\t<a class=\"elementor-icon\" href=\"https:\/\/maestro-nut.com\/en\/angajamentul-pentru-mediu-solutii-eco-friendly-de-ambalare-la-maestro-nut\/\" target=\"_blank\" aria-hidden=\"true\"><span>Angajamentul pentru Mediu \u2013 Solu\u021bii Eco-Friendly de Ambalare la Maestro-Nut<\/span><\/a>\r\n\t\t\t\t\t\t\t<\/div>\r\n\r\n\t\t\t\t\t\t\t\t\t\t\t\t\t\t\t\t\t\t<\/div>\r\n\t\t\t\t\t\t\t\t\t\t\t\t<div class=\"premium-blog-content-wrapper\">\r\n\r\n\t\t\t\t\t<div class=\"premium-blog-inner-container\">\r\n\r\n\t\t\t\t\t\t\t\t\t\t\t\t\t\t<h2 class=\"premium-blog-entry-title\">\r\n\t\t\t<a href=\"https:\/\/maestro-nut.com\/en\/angajamentul-pentru-mediu-solutii-eco-friendly-de-ambalare-la-maestro-nut\/\" target=\"_blank\">\r\n\t\t\t\tAngajamentul pentru Mediu \u2013 Solu\u021bii Eco-Friendly de Ambalare la Maestro-Nut\t\t\t<\/a>\r\n\t\t<\/h2>\r\n\t\t\t\t<div class=\"premium-blog-entry-meta\">\r\n\t\t\t\r\n\t\t\t\r\n\t\t\t\r\n\t\t\t\t\t<\/div>\r\n\t\t\r\n\t\t\t\t\t<\/div>\r\n\r\n\t\t\t\t\t\t\t<div class=\"premium-blog-content-inner-wrapper\">\r\n\t\t<p class=\"premium-blog-post-content\">\u00cen timp ce industria alimentar\u0103 continu\u0103 s\u0103 evolueze, responsabilitatea fa\u021b\u0103 de mediu devine o prioritate esen\u021bial\u0103 pentru companii. Maestro-Nut a implementat solu\u021bii de ambalare eco-friendly care nu doar protejeaz\u0103 produsul, \u2026<\/p>\t\t<\/div>\r\n\t\t\t\t\t\t\t\r\n\t\t\t\t<\/div>\r\n\t\t\t<\/div>\r\n\t\t<\/div>\r\n\r\n\t\t\t\t<div class=\"premium-blog-post-outer-container\" data-total=\"1\">\r\n\t\t\t<div class=\"premium-blog-post-container premium-blog-skin-classic\">\r\n\t\t\t\t\t\t\t\t\t<div class=\"premium-blog-thumb-effect-wrapper\">\r\n\t\t\t\t\t\t<div class=\"premium-blog-thumbnail-container premium-blog-zoomin-effect\">\r\n\t\t\t\t\t\t\t<img decoding=\"async\" width=\"1024\" height=\"474\" src=\"https:\/\/maestro-nut.com\/wp-content\/uploads\/2024\/10\/poza-nr-2-1024x474-1.png\" class=\"attachment-large size-large wp-image-1769\" alt=\"\" srcset=\"https:\/\/maestro-nut.com\/wp-content\/uploads\/2024\/10\/poza-nr-2-1024x474-1.png 1024w, https:\/\/maestro-nut.com\/wp-content\/uploads\/2024\/10\/poza-nr-2-1024x474-1-300x139.png 300w, https:\/\/maestro-nut.com\/wp-content\/uploads\/2024\/10\/poza-nr-2-1024x474-1-768x356.png 768w\" sizes=\"(max-width: 1024px) 100vw, 1024px\" \/>\t\t\t\t\t\t<\/div>\r\n\t\t\t\t\t\t\t\t\t\t\t\t\t<div class=\"premium-blog-thumbnail-overlay\">\r\n\t\t\t\t\t\t\t\t<a class=\"elementor-icon\" href=\"https:\/\/maestro-nut.com\/en\/certificarile-internationale-ale-maestro-nut-un-standard-de-excelenta-in-industria-nucilor\/\" target=\"_blank\" aria-hidden=\"true\"><span>Certific\u0103rile Interna\u021bionale ale Companiei Maestro-Nut \u2013 Un Standard de Calitate \u00een Industria Nucilor<\/span><\/a>\r\n\t\t\t\t\t\t\t<\/div>\r\n\r\n\t\t\t\t\t\t\t\t\t\t\t\t\t\t\t\t\t\t<\/div>\r\n\t\t\t\t\t\t\t\t\t\t\t\t<div class=\"premium-blog-content-wrapper\">\r\n\r\n\t\t\t\t\t<div class=\"premium-blog-inner-container\">\r\n\r\n\t\t\t\t\t\t\t\t\t\t\t\t\t\t<h2 class=\"premium-blog-entry-title\">\r\n\t\t\t<a href=\"https:\/\/maestro-nut.com\/en\/certificarile-internationale-ale-maestro-nut-un-standard-de-excelenta-in-industria-nucilor\/\" target=\"_blank\">\r\n\t\t\t\tCertific\u0103rile Interna\u021bionale ale Companiei Maestro-Nut \u2013 Un Standard de Calitate \u00een Industria Nucilor\t\t\t<\/a>\r\n\t\t<\/h2>\r\n\t\t\t\t<div class=\"premium-blog-entry-meta\">\r\n\t\t\t\r\n\t\t\t\r\n\t\t\t\r\n\t\t\t\t\t<\/div>\r\n\t\t\r\n\t\t\t\t\t<\/div>\r\n\r\n\t\t\t\t\t\t\t<div class=\"premium-blog-content-inner-wrapper\">\r\n\t\t<p class=\"premium-blog-post-content\">Certific\u0103rile Interna\u021bionale ale Companiei Maestro-Nut \u2013 Un Standard de Calitate \u00een Industria Nucilor \u00centr-o lume \u00een care calitatea \u0219i siguran\u021ba alimentar\u0103 sunt mai importante ca niciodat\u0103, Maestro-Nut se m\u00e2ndre\u0219te cu \u2026<\/p>\t\t<\/div>\r\n\t\t\t\t\t\t\t\r\n\t\t\t\t<\/div>\r\n\t\t\t<\/div>\r\n\t\t<\/div>\r\n\r\n\t\t\t\t<div class=\"premium-blog-post-outer-container\" data-total=\"1\">\r\n\t\t\t<div class=\"premium-blog-post-container premium-blog-skin-classic\">\r\n\t\t\t\t\t\t\t\t\t<div class=\"premium-blog-thumb-effect-wrapper\">\r\n\t\t\t\t\t\t<div class=\"premium-blog-thumbnail-container premium-blog-zoomin-effect\">\r\n\t\t\t\t\t\t\t<img loading=\"lazy\" decoding=\"async\" width=\"1024\" height=\"683\" src=\"https:\/\/maestro-nut.com\/wp-content\/uploads\/2024\/10\/top-view-walnuts-baskets-wooden-horizontal_176474-4291-1024x683.jpg\" class=\"attachment-large size-large wp-image-1776\" alt=\"\" srcset=\"https:\/\/maestro-nut.com\/wp-content\/uploads\/2024\/10\/top-view-walnuts-baskets-wooden-horizontal_176474-4291-1024x683.jpg 1024w, https:\/\/maestro-nut.com\/wp-content\/uploads\/2024\/10\/top-view-walnuts-baskets-wooden-horizontal_176474-4291-300x200.jpg 300w, https:\/\/maestro-nut.com\/wp-content\/uploads\/2024\/10\/top-view-walnuts-baskets-wooden-horizontal_176474-4291-768x512.jpg 768w, https:\/\/maestro-nut.com\/wp-content\/uploads\/2024\/10\/top-view-walnuts-baskets-wooden-horizontal_176474-4291.jpg 1380w\" sizes=\"(max-width: 1024px) 100vw, 1024px\" \/>\t\t\t\t\t\t<\/div>\r\n\t\t\t\t\t\t\t\t\t\t\t\t\t<div class=\"premium-blog-thumbnail-overlay\">\r\n\t\t\t\t\t\t\t\t<a class=\"elementor-icon\" href=\"https:\/\/maestro-nut.com\/en\/crestere-de-15-a-recoltei-de-nuci-pentru-2024-un-sezon-promitator-pentru-maestro-nut\/\" target=\"_blank\" aria-hidden=\"true\"><span>Cre\u0219tere de 15% a Recoltei de Nuci pentru 2024 \u2013 Un Sezon Promi\u021b\u0103tor pentru Maestro-Nut<\/span><\/a>\r\n\t\t\t\t\t\t\t<\/div>\r\n\r\n\t\t\t\t\t\t\t\t\t\t\t\t\t\t\t\t\t\t<\/div>\r\n\t\t\t\t\t\t\t\t\t\t\t\t<div class=\"premium-blog-content-wrapper\">\r\n\r\n\t\t\t\t\t<div class=\"premium-blog-inner-container\">\r\n\r\n\t\t\t\t\t\t\t\t\t\t\t\t\t\t<h2 class=\"premium-blog-entry-title\">\r\n\t\t\t<a href=\"https:\/\/maestro-nut.com\/en\/crestere-de-15-a-recoltei-de-nuci-pentru-2024-un-sezon-promitator-pentru-maestro-nut\/\" target=\"_blank\">\r\n\t\t\t\tCre\u0219tere de 15% a Recoltei de Nuci pentru 2024 \u2013 Un Sezon Promi\u021b\u0103tor pentru Maestro-Nut\t\t\t<\/a>\r\n\t\t<\/h2>\r\n\t\t\t\t<div class=\"premium-blog-entry-meta\">\r\n\t\t\t\r\n\t\t\t\r\n\t\t\t\r\n\t\t\t\t\t<\/div>\r\n\t\t\r\n\t\t\t\t\t<\/div>\r\n\r\n\t\t\t\t\t\t\t<div class=\"premium-blog-content-inner-wrapper\">\r\n\t\t<p class=\"premium-blog-post-content\">Maestro-Nut anticipeaz\u0103 o cre\u0219tere de 15% a recoltei de nuci \u00een acest sezon, un rezultat al strategiei noastre de modernizare \u0219i \u00eembun\u0103t\u0103\u021bire a proceselor agricole. Aceast\u0103 cre\u0219tere nu doar c\u0103 \u2026<\/p>\t\t<\/div>\r\n\t\t\t\t\t\t\t\r\n\t\t\t\t<\/div>\r\n\t\t\t<\/div>\r\n\t\t<\/div>\r\n\r\n\t\t\t\t<\/div>\n\n\t\t\t\t\t\t<\/div>\n\t\t\t\t<\/div>\n\t\t\t\t\t<\/div>\n\t\t\t\t<\/div>\n\t\t<div class=\"elementor-element elementor-element-1495394 e-flex e-con-boxed e-con e-parent\" data-id=\"1495394\" data-element_type=\"container\" data-settings=\"{&quot;background_background&quot;:&quot;classic&quot;}\">\n\t\t\t\t\t<div class=\"e-con-inner\">\n\t\t<div class=\"elementor-element elementor-element-9935843 e-con-full e-flex e-con e-child\" data-id=\"9935843\" data-element_type=\"container\">\n\t\t\t\t<div class=\"elementor-element elementor-element-a301625 elementor-widget elementor-widget-heading\" data-id=\"a301625\" data-element_type=\"widget\" data-widget_type=\"heading.default\">\n\t\t\t\t<div class=\"elementor-widget-container\">\n\t\t\t\t\t<h2 class=\"elementor-heading-title elementor-size-default\">Choose the Natural Quality of Maestro-Nut!\n<\/h2>\t\t\t\t<\/div>\n\t\t\t\t<\/div>\n\t\t\t\t<div class=\"elementor-element elementor-element-3e7bca0 elementor-widget-divider--view-line elementor-widget elementor-widget-divider\" data-id=\"3e7bca0\" data-element_type=\"widget\" data-widget_type=\"divider.default\">\n\t\t\t\t<div class=\"elementor-widget-container\">\n\t\t\t\t\t\t\t<div class=\"elementor-divider\">\n\t\t\t<span class=\"elementor-divider-separator\">\n\t\t\t\t\t\t<\/span>\n\t\t<\/div>\n\t\t\t\t\t\t<\/div>\n\t\t\t\t<\/div>\n\t\t\t\t<div class=\"elementor-element elementor-element-e9ad4ee elementor-widget elementor-widget-text-editor\" data-id=\"e9ad4ee\" data-element_type=\"widget\" data-widget_type=\"text-editor.default\">\n\t\t\t\t<div class=\"elementor-widget-container\">\n\t\t\t\t\t\t\t\t\t<p>Discover the highest quality walnut kernels direct from the producer. Order now and enjoy the authentic taste of our products, guaranteed by modern technologies and international standards.<\/p>\t\t\t\t\t\t\t\t<\/div>\n\t\t\t\t<\/div>\n\t\t\t\t<div class=\"elementor-element elementor-element-0f6053b elementor-tablet-align-left elementor-widget elementor-widget-button\" data-id=\"0f6053b\" data-element_type=\"widget\" data-widget_type=\"button.default\">\n\t\t\t\t<div class=\"elementor-widget-container\">\n\t\t\t\t\t\t\t\t\t<div class=\"elementor-button-wrapper\">\n\t\t\t\t\t<a class=\"elementor-button elementor-button-link elementor-size-sm\" href=\"https:\/\/maestro-nut.com\/en\/produsele-noastre\/\">\n\t\t\t\t\t\t<span class=\"elementor-button-content-wrapper\">\n\t\t\t\t\t\t\t\t\t<span class=\"elementor-button-text\">View Products<\/span>\n\t\t\t\t\t<\/span>\n\t\t\t\t\t<\/a>\n\t\t\t\t<\/div>\n\t\t\t\t\t\t\t\t<\/div>\n\t\t\t\t<\/div>\n\t\t\t\t<\/div>\n\t\t\t\t\t<\/div>\n\t\t\t\t<\/div>\n\t\t\t\t<\/div>","protected":false},"excerpt":{"rendered":"<p>News Angajamentul pentru Mediu \u2013 Solu\u021bii Eco-Friendly de Ambalare la Maestro-Nut Angajamentul pentru Mediu \u2013 Solu\u021bii Eco-Friendly de Ambalare la Maestro-Nut \u00cen timp ce industria alimentar\u0103 continu\u0103 s\u0103 evolueze, responsabilitatea fa\u021b\u0103 de mediu devine o prioritate esen\u021bial\u0103 pentru companii. Maestro-Nut a implementat solu\u021bii de ambalare eco-friendly care nu doar protejeaz\u0103 produsul, \u2026 Certific\u0103rile Interna\u021bionale ale [&hellip;]<\/p>","protected":false},"author":1,"featured_media":0,"parent":0,"menu_order":0,"comment_status":"closed","ping_status":"closed","template":"","meta":{"site-sidebar-layout":"no-sidebar","site-content-layout":"page-builder","ast-site-content-layout":"","site-content-style":"default","site-sidebar-style":"default","ast-global-header-display":"","ast-banner-title-visibility":"","ast-main-header-display":"","ast-hfb-above-header-display":"","ast-hfb-below-header-display":"","ast-hfb-mobile-header-display":"","site-post-title":"disabled","ast-breadcrumbs-content":"","ast-featured-img":"disabled","footer-sml-layout":"","theme-transparent-header-meta":"enabled","adv-header-id-meta":"","stick-header-meta":"","header-above-stick-meta":"","header-main-stick-meta":"","header-below-stick-meta":"","astra-migrate-meta-layouts":"default","ast-page-background-enabled":"default","ast-page-background-meta":{"desktop":{"background-color":"","background-image":"","background-repeat":"repeat","background-position":"center center","background-size":"auto","background-attachment":"scroll","background-type":"","background-media":"","overlay-type":"","overlay-color":"","overlay-opacity":"","overlay-gradient":""},"tablet":{"background-color":"","background-image":"","background-repeat":"repeat","background-position":"center center","background-size":"auto","background-attachment":"scroll","background-type":"","background-media":"","overlay-type":"","overlay-color":"","overlay-opacity":"","overlay-gradient":""},"mobile":{"background-color":"","background-image":"","background-repeat":"repeat","background-position":"center center","background-size":"auto","background-attachment":"scroll","background-type":"","background-media":"","overlay-type":"","overlay-color":"","overlay-opacity":"","overlay-gradient":""}},"ast-content-background-meta":{"desktop":{"background-color":"var(--ast-global-color-5)","background-image":"","background-repeat":"repeat","background-position":"center center","background-size":"auto","background-attachment":"scroll","background-type":"","background-media":"","overlay-type":"","overlay-color":"","overlay-opacity":"","overlay-gradient":""},"tablet":{"background-color":"var(--ast-global-color-5)","background-image":"","background-repeat":"repeat","background-position":"center center","background-size":"auto","background-attachment":"scroll","background-type":"","background-media":"","overlay-type":"","overlay-color":"","overlay-opacity":"","overlay-gradient":""},"mobile":{"background-color":"var(--ast-global-color-5)","background-image":"","background-repeat":"repeat","background-position":"center center","background-size":"auto","background-attachment":"scroll","background-type":"","background-media":"","overlay-type":"","overlay-color":"","overlay-opacity":"","overlay-gradient":""}},"footnotes":""},"class_list":["post-2068","page","type-page","status-publish","hentry"],"_links":{"self":[{"href":"https:\/\/maestro-nut.com\/en\/wp-json\/wp\/v2\/pages\/2068","targetHints":{"allow":["GET"]}}],"collection":[{"href":"https:\/\/maestro-nut.com\/en\/wp-json\/wp\/v2\/pages"}],"about":[{"href":"https:\/\/maestro-nut.com\/en\/wp-json\/wp\/v2\/types\/page"}],"author":[{"embeddable":true,"href":"https:\/\/maestro-nut.com\/en\/wp-json\/wp\/v2\/users\/1"}],"replies":[{"embeddable":true,"href":"https:\/\/maestro-nut.com\/en\/wp-json\/wp\/v2\/comments?post=2068"}],"version-history":[{"count":14,"href":"https:\/\/maestro-nut.com\/en\/wp-json\/wp\/v2\/pages\/2068\/revisions"}],"predecessor-version":[{"id":2132,"href":"https:\/\/maestro-nut.com\/en\/wp-json\/wp\/v2\/pages\/2068\/revisions\/2132"}],"wp:attachment":[{"href":"https:\/\/maestro-nut.com\/en\/wp-json\/wp\/v2\/media?parent=2068"}],"curies":[{"name":"wp","href":"https:\/\/api.w.org\/{rel}","templated":true}]}}